{"id":19692,"date":"2015-02-11T14:25:19","date_gmt":"2015-02-11T14:25:19","guid":{"rendered":"https:\/\/www.sunbeltlaval.ca\/businesses-for-sale\/"},"modified":"2022-03-17T17:46:29","modified_gmt":"2022-03-17T17:46:29","slug":"entreprise-a-vendre","status":"publish","type":"page","link":"https:\/\/www.sunbeltlaval.ca\/fr\/entreprise-a-vendre\/","title":{"rendered":"Entreprises \u00e0 vendre"},"content":{"rendered":"<section class=\"wpb-content-wrapper\"><p>[vc_row][vc_column][vc_column_text]<span style=\"font-size: 14pt;\">Trouver des entreprises \u00e0 vendre dans les r\u00e9gions de Laval, Rive-Nord de Montr\u00e9al, et \u00e0 travers la province de Qu\u00e9bec. En tant que courtiers d&rsquo;affaires, nous sommes fiers d&rsquo;offrir des entreprises de qualit\u00e9, aux prix justes, ainsi que notre processus \u00e9prouv\u00e9 afin de trouver des solutions gagnant-gagnant pour votre transfert d&rsquo;entreprise.\u00a0<\/span><\/p>\n<p><span style=\"font-size: 14pt;\">Contactez-nous d\u00e8s aujourd&rsquo;hui, nous vous r\u00e9pondrons dans les 24-48 heures &#8211; 450-669-2945 &#8211; laval@sunbeltcanada.com<\/span>[\/vc_column_text][\/vc_column][\/vc_row]<\/p>\n<\/section>","protected":false},"excerpt":{"rendered":"<p>[vc_row][vc_column][vc_column_text]Trouver des entreprises \u00e0 vendre dans les r\u00e9gions de Laval, Rive-Nord de Montr\u00e9al, et \u00e0 travers la province de Qu\u00e9bec. En tant que courtiers d&rsquo;affaires, nous sommes fiers d&rsquo;offrir des entreprises de qualit\u00e9, aux prix justes, ainsi que notre processus \u00e9prouv\u00e9 afin de trouver des solutions gagnant-gagnant pour votre transfert d&rsquo;entreprise.\u00a0 Contactez-nous d\u00e8s aujourd&rsquo;hui, nous vous r\u00e9pondrons dans les 24-48 heures &#8211; 450-669-2945 &#8211; &#8230;<\/p>\n","protected":false},"author":2,"featured_media":0,"parent":0,"menu_order":0,"comment_status":"open","ping_status":"open","template":"property_list.php","meta":{"_seopress_robots_primary_cat":"","_seopress_titles_title":"","_seopress_titles_desc":"Entreprises \u00e0 vendre dans les r\u00e9gions de Laval, Rive-Nord de Montr\u00e9al, et \u00e0 travers la province de Qu\u00e9bec. Contactez-nous ! - 450-669-2945","_seopress_robots_index":"","_monsterinsights_skip_tracking":false,"_monsterinsights_sitenote_active":false,"_monsterinsights_sitenote_note":"","_monsterinsights_sitenote_category":0,"footnotes":""},"_links":{"self":[{"href":"https:\/\/www.sunbeltlaval.ca\/fr\/wp-json\/wp\/v2\/pages\/19692"}],"collection":[{"href":"https:\/\/www.sunbeltlaval.ca\/fr\/wp-json\/wp\/v2\/pages"}],"about":[{"href":"https:\/\/www.sunbeltlaval.ca\/fr\/wp-json\/wp\/v2\/types\/page"}],"author":[{"embeddable":true,"href":"https:\/\/www.sunbeltlaval.ca\/fr\/wp-json\/wp\/v2\/users\/2"}],"replies":[{"embeddable":true,"href":"https:\/\/www.sunbeltlaval.ca\/fr\/wp-json\/wp\/v2\/comments?post=19692"}],"version-history":[{"count":11,"href":"https:\/\/www.sunbeltlaval.ca\/fr\/wp-json\/wp\/v2\/pages\/19692\/revisions"}],"predecessor-version":[{"id":21341,"href":"https:\/\/www.sunbeltlaval.ca\/fr\/wp-json\/wp\/v2\/pages\/19692\/revisions\/21341"}],"wp:attachment":[{"href":"https:\/\/www.sunbeltlaval.ca\/fr\/wp-json\/wp\/v2\/media?parent=19692"}],"curies":[{"name":"wp","href":"https:\/\/api.w.org\/{rel}","templated":true}]}}